{"id":238,"date":"2018-08-10T06:56:34","date_gmt":"2018-08-10T04:56:34","guid":{"rendered":"https:\/\/britishcemeteriesspain.org\/foundation\/?page_id=238"},"modified":"2021-06-14T15:12:55","modified_gmt":"2021-06-14T13:12:55","slug":"colabora","status":"publish","type":"page","link":"https:\/\/britishcemeteriesspain.org\/foundation\/colabora\/","title":{"rendered":"Colabora"},"content":{"rendered":"<p>[et_pb_section fb_built=\u00bb1&#8243; fullwidth=\u00bbon\u00bb _builder_version=\u00bb3.22&#8243; background_color=\u00bbrgba(0,0,0,0.2)\u00bb background_image=\u00bbhttps:\/\/britishcemeteriesspain.org\/foundation\/wp-content\/uploads\/2018\/08\/cementerio-britanico-bilbao-espana.jpg\u00bb background_blend=\u00bbmultiply\u00bb][et_pb_fullwidth_header title=\u00bbColabora\u00bb _builder_version=\u00bb3.21&#8243; background_color=\u00bbrgba(126,190,197,0)\u00bb background_size=\u00bbinitial\u00bb background_position=\u00bbtop_left\u00bb background_repeat=\u00bbrepeat\u00bb button_one_text_size__hover_enabled=\u00bboff\u00bb button_two_text_size__hover_enabled=\u00bboff\u00bb button_one_text_color__hover_enabled=\u00bboff\u00bb button_two_text_color__hover_enabled=\u00bboff\u00bb button_one_border_width__hover_enabled=\u00bboff\u00bb button_two_border_width__hover_enabled=\u00bboff\u00bb button_one_border_color__hover_enabled=\u00bboff\u00bb button_two_border_color__hover_enabled=\u00bboff\u00bb button_one_border_radius__hover_enabled=\u00bboff\u00bb button_two_border_radius__hover_enabled=\u00bboff\u00bb button_one_letter_spacing__hover_enabled=\u00bboff\u00bb button_two_letter_spacing__hover_enabled=\u00bboff\u00bb button_one_bg_color__hover_enabled=\u00bboff\u00bb button_two_bg_color__hover_enabled=\u00bboff\u00bb][\/et_pb_fullwidth_header][\/et_pb_section][et_pb_section fb_built=\u00bb1&#8243; _builder_version=\u00bb3.22&#8243; background_color=\u00bb#f7f7f7&#8243; custom_padding=\u00bb30px||30px|\u00bb][et_pb_row _builder_version=\u00bb3.25&#8243; background_size=\u00bbinitial\u00bb background_position=\u00bbtop_left\u00bb background_repeat=\u00bbrepeat\u00bb][et_pb_column type=\u00bb4_4&#8243; _builder_version=\u00bb3.25&#8243; custom_padding=\u00bb|||\u00bb custom_padding__hover=\u00bb|||\u00bb][et_pb_text _builder_version=\u00bb3.27.4&#8243;]<\/p>\n<h2 style=\"text-align: center;\">Ay\u00fadenos a mantener estos peque\u00f1os rincones de historia vivos.\u00a0\u00a0<\/h2>\n<p style=\"text-align: center;\">Gracias por tu colaboraci\u00f3n<\/p>\n<h2 style=\"text-align: center;\">\u00a0<\/h2>\n<p>[\/et_pb_text][et_pb_text _builder_version=\u00bb3.27.4&#8243;]<\/p>\n<p style=\"text-align: center;\">\u201cAquellos que son m\u00e1s felices son los que hacen m\u00e1s por otros.\u201d<br \/>Booker T. Washington<\/p>\n<p>[\/et_pb_text][\/et_pb_column][\/et_pb_row][\/et_pb_section][et_pb_section fb_built=\u00bb1&#8243; _builder_version=\u00bb3.22&#8243;][et_pb_row _builder_version=\u00bb3.25&#8243; custom_padding=\u00bb||0px|\u00bb][et_pb_column type=\u00bb4_4&#8243; _builder_version=\u00bb3.25&#8243; custom_padding=\u00bb|||\u00bb custom_padding__hover=\u00bb|||\u00bb][et_pb_text _builder_version=\u00bb3.27.4&#8243; custom_margin=\u00bb||0px|\u00bb]<\/p>\n<h1 style=\"text-align: center;\">DONACIONES<\/h1>\n<p>[\/et_pb_text][et_pb_divider color=\u00bb#21468b\u00bb divider_weight=\u00bb2px\u00bb _builder_version=\u00bb3.15&#8243; max_width=\u00bb40%\u00bb module_alignment=\u00bbcenter\u00bb custom_margin=\u00bb||0px|\u00bb]<\/p>\n<p>[\/et_pb_divider][\/et_pb_column][\/et_pb_row][et_pb_row column_structure=\u00bb1_2,1_2&#8243; _builder_version=\u00bb3.25&#8243;][et_pb_column type=\u00bb1_2&#8243; _builder_version=\u00bb3.25&#8243; custom_padding=\u00bb|||\u00bb custom_padding__hover=\u00bb|||\u00bb][et_pb_image src=\u00bbhttps:\/\/britishcemeteriesspain.org\/foundation\/wp-content\/uploads\/2018\/08\/fundacion-cementerios-britanicos-espana.jpg\u00bb align_tablet=\u00bbcenter\u00bb align_phone=\u00bb\u00bb align_last_edited=\u00bbon|desktop\u00bb _builder_version=\u00bb3.23&#8243;]<\/p>\n<p>[\/et_pb_image][\/et_pb_column][et_pb_column type=\u00bb1_2&#8243; _builder_version=\u00bb3.25&#8243; custom_padding=\u00bb|||\u00bb custom_padding__hover=\u00bb|||\u00bb][et_pb_text _builder_version=\u00bb4.9.1&#8243; text_font=\u00bb||||||||\u00bb text_font_size=\u00bb18px\u00bb header_font=\u00bb||||||||\u00bb custom_margin=\u00bb||10px|\u00bb]<\/p>\n<p><strong>TRANSFERENCIA<\/strong><\/p>\n<p>[\/et_pb_text][et_pb_text _builder_version=\u00bb4.9.1&#8243; header_4_font=\u00bb||||||||\u00bb header_4_line_height=\u00bb1.4em\u00bb]<\/p>\n<p>Banco Sabadell<\/p>\n<p>IBAN CODE: ES71 0081 7305 1300 0233 0739<\/p>\n<p>SWIFT\/BIC CODE: BSABESBB<\/p>\n<p>C\/ Alberto Alcocer 12, 28036 Madrid<\/p>\n<p>[\/et_pb_text][\/et_pb_column][\/et_pb_row][\/et_pb_section][et_pb_section fb_built=\u00bb1&#8243; _builder_version=\u00bb3.22&#8243; background_color=\u00bb#f7f7f7&#8243;][et_pb_row column_structure=\u00bb2_3,1_3&#8243; _builder_version=\u00bb3.25&#8243; background_size=\u00bbinitial\u00bb background_position=\u00bbtop_left\u00bb background_repeat=\u00bbrepeat\u00bb][et_pb_column type=\u00bb2_3&#8243; _builder_version=\u00bb3.25&#8243; custom_padding=\u00bb|||\u00bb custom_padding__hover=\u00bb|||\u00bb][et_pb_text _builder_version=\u00bb3.27.4&#8243; custom_margin=\u00bb||10px|\u00bb]<\/p>\n<h2>\u00daNETE A LOS AMIGOS<\/h2>\n<p>[\/et_pb_text][et_pb_divider color=\u00bb#21468b\u00bb divider_weight=\u00bb2px\u00bb _builder_version=\u00bb3.15&#8243; max_width=\u00bb40%\u00bb custom_margin=\u00bb||0px|\u00bb]<\/p>\n<p>[\/et_pb_divider][et_pb_text _builder_version=\u00bb3.27.4&#8243;]<\/p>\n<p>Tenemos un n\u00famero cada vez mayor de \u201cAmigos\u201d de los Cementerios Brit\u00e1nicos en Espa\u00f1a, quienes, de maneras diferentes, ayudan a mantener \u201cvivos\u201d nuestros cementerios.<\/p>\n<p>Los \u201camigos\u201d tienen la satisfacci\u00f3n de saber que nos est\u00e1n ayudando a mantener las puertas de nuestros cementerios abiertas al p\u00fablico y garantizar que su historia no cae en el olvido.<\/p>\n<p>[\/et_pb_text][\/et_pb_column][et_pb_column type=\u00bb1_3&#8243; _builder_version=\u00bb3.25&#8243; custom_padding=\u00bb|||\u00bb custom_padding__hover=\u00bb|||\u00bb][et_pb_image src=\u00bbhttps:\/\/britishcemeteriesspain.org\/foundation\/wp-content\/uploads\/2018\/08\/tumbas-de-guerra-commonwealth.jpg\u00bb align_tablet=\u00bbcenter\u00bb align_phone=\u00bb\u00bb align_last_edited=\u00bbon|desktop\u00bb _builder_version=\u00bb3.23&#8243;]<\/p>\n<p>[\/et_pb_image][\/et_pb_column][\/et_pb_row][et_pb_row column_structure=\u00bb1_3,2_3&#8243; _builder_version=\u00bb3.25&#8243; background_size=\u00bbinitial\u00bb background_position=\u00bbtop_left\u00bb background_repeat=\u00bbrepeat\u00bb][et_pb_column type=\u00bb1_3&#8243; _builder_version=\u00bb3.25&#8243; custom_padding=\u00bb|||\u00bb custom_padding__hover=\u00bb|||\u00bb][et_pb_image src=\u00bbhttps:\/\/britishcemeteriesspain.org\/foundation\/wp-content\/uploads\/2018\/08\/tumbas-de-guerra-commonwealth.jpg\u00bb align_tablet=\u00bbcenter\u00bb align_phone=\u00bb\u00bb align_last_edited=\u00bbon|desktop\u00bb _builder_version=\u00bb3.23&#8243;]<\/p>\n<p>[\/et_pb_image][\/et_pb_column][et_pb_column type=\u00bb2_3&#8243; _builder_version=\u00bb3.25&#8243; custom_padding=\u00bb|||\u00bb custom_padding__hover=\u00bb|||\u00bb][et_pb_text _builder_version=\u00bb3.27.4&#8243; custom_margin=\u00bb||10px|\u00bb]<\/p>\n<h2>LEGADOS Y DONACIONES<\/h2>\n<p>[\/et_pb_text][et_pb_divider color=\u00bb#21468b\u00bb divider_weight=\u00bb2px\u00bb _builder_version=\u00bb3.15&#8243; max_width=\u00bb40%\u00bb custom_margin=\u00bb||0px|\u00bb]<\/p>\n<p>[\/et_pb_divider][et_pb_text _builder_version=\u00bb4.8.0&#8243; admin_label=\u00bbTexto\u00bb]<\/p>\n<p>Un legado es una forma muy efectiva de hacer un regalo a los \u201cAmigos\u201d de la Fundaci\u00f3n de los Cementerios Brit\u00e1nicos en Espa\u00f1a. Puede permitirte hacer una contribuci\u00f3n de un tama\u00f1o y significado que puede no ser posible durante tu vida.<\/p>\n<p>[\/et_pb_text][\/et_pb_column][\/et_pb_row][\/et_pb_section]<\/p>\n","protected":false},"excerpt":{"rendered":"<p>Colabora Ay\u00fadenos a mantener estos peque\u00f1os rincones&#8230;<\/p>\n","protected":false},"author":1,"featured_media":0,"parent":0,"menu_order":0,"comment_status":"closed","ping_status":"closed","template":"template-builder.php","meta":{"_et_pb_use_builder":"on","_et_pb_old_content":"","_et_gb_content_width":"","footnotes":""},"_links":{"self":[{"href":"https:\/\/britishcemeteriesspain.org\/foundation\/wp-json\/wp\/v2\/pages\/238"}],"collection":[{"href":"https:\/\/britishcemeteriesspain.org\/foundation\/wp-json\/wp\/v2\/pages"}],"about":[{"href":"https:\/\/britishcemeteriesspain.org\/foundation\/wp-json\/wp\/v2\/types\/page"}],"author":[{"embeddable":true,"href":"https:\/\/britishcemeteriesspain.org\/foundation\/wp-json\/wp\/v2\/users\/1"}],"replies":[{"embeddable":true,"href":"https:\/\/britishcemeteriesspain.org\/foundation\/wp-json\/wp\/v2\/comments?post=238"}],"version-history":[{"count":0,"href":"https:\/\/britishcemeteriesspain.org\/foundation\/wp-json\/wp\/v2\/pages\/238\/revisions"}],"wp:attachment":[{"href":"https:\/\/britishcemeteriesspain.org\/foundation\/wp-json\/wp\/v2\/media?parent=238"}],"curies":[{"name":"wp","href":"https:\/\/api.w.org\/{rel}","templated":true}]}}