{"id":23,"date":"2018-08-07T13:11:35","date_gmt":"2018-08-07T13:11:35","guid":{"rendered":"https:\/\/britishcemeteriesspain.org\/foundation\/?page_id=23"},"modified":"2020-05-11T11:02:42","modified_gmt":"2020-05-11T09:02:42","slug":"cementerio-britanico-en-valencia","status":"publish","type":"page","link":"https:\/\/britishcemeteriesspain.org\/foundation\/cementerio-britanico-en-valencia\/","title":{"rendered":"Cementerio brit\u00e1nico en Valencia"},"content":{"rendered":"<p>[et_pb_section fb_built=\u00bb1&#8243; fullwidth=\u00bbon\u00bb _builder_version=\u00bb3.22.3&#8243; background_color=\u00bbrgba(0,0,0,0.2)\u00bb background_image=\u00bbhttps:\/\/britishcemeteriesspain.org\/foundation\/wp-content\/uploads\/2018\/09\/cementerio-britanico-valencia-espana.jpg\u00bb background_blend=\u00bbmultiply\u00bb][et_pb_fullwidth_header title=\u00bbCementerio Brit\u00e1nico en Valencia\u00bb _builder_version=\u00bb3.16&#8243; background_color=\u00bbrgba(126,190,197,0)\u00bb button_one_text_size__hover_enabled=\u00bboff\u00bb button_one_text_size__hover=\u00bbnull\u00bb button_two_text_size__hover_enabled=\u00bboff\u00bb button_two_text_size__hover=\u00bbnull\u00bb button_one_text_color__hover_enabled=\u00bboff\u00bb button_one_text_color__hover=\u00bbnull\u00bb button_two_text_color__hover_enabled=\u00bboff\u00bb button_two_text_color__hover=\u00bbnull\u00bb button_one_border_width__hover_enabled=\u00bboff\u00bb button_one_border_width__hover=\u00bbnull\u00bb button_two_border_width__hover_enabled=\u00bboff\u00bb button_two_border_width__hover=\u00bbnull\u00bb button_one_border_color__hover_enabled=\u00bboff\u00bb button_one_border_color__hover=\u00bbnull\u00bb button_two_border_color__hover_enabled=\u00bboff\u00bb button_two_border_color__hover=\u00bbnull\u00bb button_one_border_radius__hover_enabled=\u00bboff\u00bb button_one_border_radius__hover=\u00bbnull\u00bb button_two_border_radius__hover_enabled=\u00bboff\u00bb button_two_border_radius__hover=\u00bbnull\u00bb button_one_letter_spacing__hover_enabled=\u00bboff\u00bb button_one_letter_spacing__hover=\u00bbnull\u00bb button_two_letter_spacing__hover_enabled=\u00bboff\u00bb button_two_letter_spacing__hover=\u00bbnull\u00bb button_one_bg_color__hover_enabled=\u00bboff\u00bb button_one_bg_color__hover=\u00bbnull\u00bb button_two_bg_color__hover_enabled=\u00bboff\u00bb button_two_bg_color__hover=\u00bbnull\u00bb]<\/p>\n<p>&nbsp;<\/p>\n<p>[\/et_pb_fullwidth_header][\/et_pb_section][et_pb_section fb_built=\u00bb1&#8243; _builder_version=\u00bb3.22.3&#8243;][et_pb_row _builder_version=\u00bb3.25&#8243; background_size=\u00bbinitial\u00bb background_position=\u00bbtop_left\u00bb background_repeat=\u00bbrepeat\u00bb][et_pb_column type=\u00bb4_4&#8243; _builder_version=\u00bb3.25&#8243; custom_padding=\u00bb|||\u00bb custom_padding__hover=\u00bb|||\u00bb][et_pb_text _builder_version=\u00bb3.27.4&#8243; custom_margin=\u00bb||10px|\u00bb]<\/p>\n<h2>Cementerio Brit\u00e1nico en Valencia<\/h2>\n<p>[\/et_pb_text][et_pb_divider color=\u00bb#21468b\u00bb divider_weight=\u00bb2px\u00bb _builder_version=\u00bb3.15&#8243; max_width=\u00bb40%\u00bb custom_margin=\u00bb||0px|\u00bb]<\/p>\n<p>&nbsp;<\/p>\n<p>[\/et_pb_divider][et_pb_text _builder_version=\u00bb3.27.4&#8243;]<\/p>\n<p><strong>VISITAS<\/strong><\/p>\n<p><strong>El cementerio brit\u00e1nico de Valencia est\u00e1 generalmente cerrado bajo llave debido a unos incidentes de vandalismo.\u00a0 Las horas de visita se pueden ver abajo.<\/strong><\/p>\n<p>El cementerio brit\u00e1nico de Valencia, todav\u00eda abierto hoy para los entierros, es uno de los secretos mejor guardados de la ciudad y que demuestra que Valencia siempre ha tenido una gran poblaci\u00f3n de extranjeros dedicados a todo tipo de actividades comerciales, en particular el desarrollo de los ferrocarriles y el puerto de Valencia.<\/p>\n<p>El cementerio suele estar cerrado con llave hoy en d\u00eda, aunque una florister\u00eda y un fabricante de l\u00e1pidas, ambos situados al lado del cementerio, tienen llaves.<\/p>\n<p>La entrada fue dise\u00f1ada por el arquitecto valenciano Antonio Martorell Trilles y lleva fecha el 2 de abril de 1879. Incluye la fachada ornamental as\u00ed como el escudo de armas del Reino Unido, aunque sin la corona, como muestra de la soberan\u00eda espa\u00f1ola.<\/p>\n<p>[\/et_pb_text][et_pb_text _builder_version=\u00bb3.27.4&#8243;]<\/p>\n<p>Desde mediados del siglo XIX, se ha sabido que existe alg\u00fan tipo de cementerio brit\u00e1nico en Valencia a partir de registros municipales, aunque no fue hasta 1870 que la actual ubicaci\u00f3n comenz\u00f3 a transformarse en el cementerio que es hoy en d\u00eda y que contiene no s\u00f3lo los restos de ciudadanos brit\u00e1nicos, pero de otras naciones del norte de Europa tambi\u00e9n, unos 350 en total, de 21 pa\u00edses diferentes.<\/p>\n<p>Fue en gran parte la intervenci\u00f3n del c\u00f3nsul brit\u00e1nico Enrique Dart y Anglin que convirti\u00f3 el cementerio actual en una realidad. Al entrar a trav\u00e9s de un arco que conduce al interior tranquilo, hay una inscripci\u00f3n dedicada a Dart que dice:<\/p>\n<blockquote>\n<p><em>Erigido por los residentes brit\u00e1nicos y otros amigos en Valencia como una muestra de estima por su valor esterlina y muchos servicios invaluables como vice-c\u00f3nsul brit\u00e1nico y amigo personal durante su residencia de treinta a\u00f1os.<\/em><\/p>\n<\/blockquote>\n<p>El cementerio se estableci\u00f3 hace m\u00e1s de 150 a\u00f1os como \u00faltimo lugar de descanso para los expatriados y viajeros que, por no ser cat\u00f3licos, no fueron autorizados a ser enterrados en los cementerios consagrados de las iglesias de Valencia.<\/p>\n<p>Muchos de los enterrados all\u00ed eran marineros o comerciantes atra\u00eddos hacia el bullicioso puerto de la ciudad, mientras que otros eran ingenieros que ayudaron a desarrollar las l\u00edneas ferroviarias locales. Tambi\u00e9n podr\u00edan haber miembros de las Brigadas Internacionales de la Guerra Civil Espa\u00f1ola, jud\u00edos turcos huyendo del Holocausto, comerciantes, ingenieros, ex-c\u00f3nsules e incluso el fundador del Valencia Tennis Club.<\/p>\n<p>Como sugiere el nombre del cementerio, la mayor\u00eda de los individuos enterrados all\u00ed son brit\u00e1nicos, pero alrededor de la mitad de las 350 parcelas de enterramiento son el hogar de los restos de no cat\u00f3licos de otros pa\u00edses, como Alemania y Noruega. El n\u00famero de personas enterradas aqu\u00ed ha disminuido a medida que m\u00e1s y m\u00e1s cementerios espa\u00f1oles pasaron a ser no confesionales. Los registros municipales de 1851 se refieren a la insuficiencia del sitio utilizado para enterrar a ciudadanos brit\u00e1nicos en Valencia, quienes antes del Real Decreto del 13 de noviembre de 1831, junto con ciudadanos no cat\u00f3licos de todos los pa\u00edses, fueron arrojados al mar en marea baja. Sin embargo, nueve a\u00f1os despu\u00e9s de la asignaci\u00f3n de un sitio, el concejal de Valencia Crist\u00f3bal Pascual y Genis (que tiene una calle central que lleva su nombre ahora) todav\u00eda estaba pidiendo la resoluci\u00f3n del problema, observando que el comercio con el Reino Unido estaba aumentando sustancialmente.<\/p>\n<p>[\/et_pb_text][\/et_pb_column][\/et_pb_row][et_pb_row _builder_version=\u00bb3.25&#8243; background_size=\u00bbinitial\u00bb background_position=\u00bbtop_left\u00bb background_repeat=\u00bbrepeat\u00bb custom_padding=\u00bb30px|30px|30px|30px\u00bb border_width_all=\u00bb1px\u00bb border_color_all=\u00bb#21468b\u00bb][et_pb_column type=\u00bb4_4&#8243; _builder_version=\u00bb3.25&#8243; custom_padding=\u00bb|||\u00bb custom_padding__hover=\u00bb|||\u00bb][et_pb_text _builder_version=\u00bb3.27.4&#8243;]<\/p>\n<p>Donations to the \u201cBritish Cemeteries in Spain\u201d Foundation are very welcome, and will help us sustain the maintenance and upkeep of our cemeteries.<\/p>\n<p>[\/et_pb_text][et_pb_button button_url=\u00bbhttps:\/\/britishcemeteriesspain.org\/foundation\/colabora\/\u00bb button_text=\u00bbDonate\u00bb button_alignment=\u00bbcenter\u00bb _builder_version=\u00bb3.22.5&#8243; custom_button=\u00bbon\u00bb button_text_size=\u00bb18px\u00bb button_text_color=\u00bb#FFFFFF\u00bb button_bg_color=\u00bb#21468b\u00bb button_border_width=\u00bb0px\u00bb button_border_radius=\u00bb0px\u00bb button_font=\u00bb||||||||\u00bb button_icon=\u00bb%%3%%\u00bb button_icon_color=\u00bb#FFFFFF\u00bb button_icon_placement=\u00bbleft\u00bb custom_css_main_element=\u00bbwidth:100%;\u00bb button_text_color_hover=\u00bb#FFFFFF\u00bb button_bg_color_hover=\u00bb#ae1c28&#8243; button_text_size__hover_enabled=\u00bboff\u00bb button_text_size__hover=\u00bbnull\u00bb button_one_text_size__hover_enabled=\u00bboff\u00bb button_one_text_size__hover=\u00bbnull\u00bb button_two_text_size__hover_enabled=\u00bboff\u00bb button_two_text_size__hover=\u00bbnull\u00bb button_text_color__hover_enabled=\u00bbon\u00bb button_text_color__hover=\u00bb#FFFFFF\u00bb button_one_text_color__hover_enabled=\u00bboff\u00bb button_one_text_color__hover=\u00bbnull\u00bb button_two_text_color__hover_enabled=\u00bboff\u00bb button_two_text_color__hover=\u00bbnull\u00bb button_border_width__hover_enabled=\u00bboff\u00bb button_border_width__hover=\u00bbnull\u00bb button_one_border_width__hover_enabled=\u00bboff\u00bb button_one_border_width__hover=\u00bbnull\u00bb button_two_border_width__hover_enabled=\u00bboff\u00bb button_two_border_width__hover=\u00bbnull\u00bb button_border_color__hover_enabled=\u00bboff\u00bb button_border_color__hover=\u00bbnull\u00bb button_one_border_color__hover_enabled=\u00bboff\u00bb button_one_border_color__hover=\u00bbnull\u00bb button_two_border_color__hover_enabled=\u00bboff\u00bb button_two_border_color__hover=\u00bbnull\u00bb button_border_radius__hover_enabled=\u00bboff\u00bb button_border_radius__hover=\u00bbnull\u00bb button_one_border_radius__hover_enabled=\u00bboff\u00bb button_one_border_radius__hover=\u00bbnull\u00bb button_two_border_radius__hover_enabled=\u00bboff\u00bb button_two_border_radius__hover=\u00bbnull\u00bb button_letter_spacing__hover_enabled=\u00bboff\u00bb button_letter_spacing__hover=\u00bbnull\u00bb button_one_letter_spacing__hover_enabled=\u00bboff\u00bb button_one_letter_spacing__hover=\u00bbnull\u00bb button_two_letter_spacing__hover_enabled=\u00bboff\u00bb button_two_letter_spacing__hover=\u00bbnull\u00bb button_bg_color__hover_enabled=\u00bbon\u00bb button_bg_color__hover=\u00bb#ae1c28&#8243; button_one_bg_color__hover_enabled=\u00bboff\u00bb button_one_bg_color__hover=\u00bbnull\u00bb button_two_bg_color__hover_enabled=\u00bboff\u00bb button_two_bg_color__hover=\u00bbnull\u00bb]<\/p>\n<p>&nbsp;<\/p>\n<p>[\/et_pb_button][\/et_pb_column][\/et_pb_row][\/et_pb_section][et_pb_section fb_built=\u00bb1&#8243; _builder_version=\u00bb3.22.3&#8243; background_color=\u00bb#f7f7f7&#8243; custom_padding=\u00bb0px|||\u00bb][et_pb_row _builder_version=\u00bb3.25&#8243; custom_padding=\u00bb50px||20px|\u00bb][et_pb_column type=\u00bb4_4&#8243; _builder_version=\u00bb3.25&#8243; custom_padding=\u00bb|||\u00bb custom_padding__hover=\u00bb|||\u00bb][et_pb_text _builder_version=\u00bb3.27.4&#8243;]<\/p>\n<h1 style=\"text-align: center;\">Detalles<\/h1>\n<p>[\/et_pb_text][\/et_pb_column][\/et_pb_row][et_pb_row column_structure=\u00bb1_2,1_2&#8243; _builder_version=\u00bb3.25&#8243; background_size=\u00bbinitial\u00bb background_position=\u00bbtop_left\u00bb background_repeat=\u00bbrepeat\u00bb][et_pb_column type=\u00bb1_2&#8243; _builder_version=\u00bb3.25&#8243; custom_padding=\u00bb|||\u00bb custom_padding__hover=\u00bb|||\u00bb][et_pb_blurb title=\u00bbDirecci\u00f3n\u00bb use_icon=\u00bbon\u00bb font_icon=\u00bb%%122%%\u00bb icon_color=\u00bb#21468b\u00bb icon_placement=\u00bbleft\u00bb _builder_version=\u00bb3.21&#8243;]<\/p>\n<p>Carrer de Sant Dom\u00e9nec de Guzm\u00e1n, 3<br \/>46017-VALENCIA<\/p>\n<p>[\/et_pb_blurb][et_pb_map address=\u00bbCarrer de Sant Dom\u00e9nec de Guzm\u00e1n, 3, 46110 Godella, Valencia, Espa\u00f1a\u00bb zoom_level=\u00bb17&#8243; address_lat=\u00bb39.5179191&#8243; address_lng=\u00bb-0.41881890000002&#8243; mouse_wheel=\u00bboff\u00bb _builder_version=\u00bb3.11.1&#8243;][et_pb_map_pin pin_address=\u00bbCarrer de Sant Dom\u00e9nec de Guzm\u00e1n, 3, 46110 Godella, Valencia, Espa\u00f1a\u00bb zoom_level=\u00bb13&#8243; pin_address_lat=\u00bb39.5179191&#8243; pin_address_lng=\u00bb-0.41881890000002&#8243; _builder_version=\u00bb3.11.1&#8243;][\/et_pb_map_pin][\/et_pb_map][et_pb_blurb title=\u00bbContacto\u00bb use_icon=\u00bbon\u00bb font_icon=\u00bb%%75%%\u00bb icon_color=\u00bb#21468b\u00bb icon_placement=\u00bbleft\u00bb admin_label=\u00bbFormulario\u00bb _builder_version=\u00bb3.21&#8243;]<\/p>\n<script type=\"text\/javascript\">var gform;gform||(document.addEventListener(\"gform_main_scripts_loaded\",function(){gform.scriptsLoaded=!0}),document.addEventListener(\"gform\/theme\/scripts_loaded\",function(){gform.themeScriptsLoaded=!0}),window.addEventListener(\"DOMContentLoaded\",function(){gform.domLoaded=!0}),gform={domLoaded:!1,scriptsLoaded:!1,themeScriptsLoaded:!1,isFormEditor:()=>\"function\"==typeof InitializeEditor,callIfLoaded:function(o){return!(!gform.domLoaded||!gform.scriptsLoaded||!gform.themeScriptsLoaded&&!gform.isFormEditor()||(gform.isFormEditor()&&console.warn(\"The use of gform.initializeOnLoaded() is deprecated in the form editor context and will be removed in Gravity Forms 3.1.\"),o(),0))},initializeOnLoaded:function(o){gform.callIfLoaded(o)||(document.addEventListener(\"gform_main_scripts_loaded\",()=>{gform.scriptsLoaded=!0,gform.callIfLoaded(o)}),document.addEventListener(\"gform\/theme\/scripts_loaded\",()=>{gform.themeScriptsLoaded=!0,gform.callIfLoaded(o)}),window.addEventListener(\"DOMContentLoaded\",()=>{gform.domLoaded=!0,gform.callIfLoaded(o)}))},hooks:{action:{},filter:{}},addAction:function(o,r,e,t){gform.addHook(\"action\",o,r,e,t)},addFilter:function(o,r,e,t){gform.addHook(\"filter\",o,r,e,t)},doAction:function(o){gform.doHook(\"action\",o,arguments)},applyFilters:function(o){return gform.doHook(\"filter\",o,arguments)},removeAction:function(o,r){gform.removeHook(\"action\",o,r)},removeFilter:function(o,r,e){gform.removeHook(\"filter\",o,r,e)},addHook:function(o,r,e,t,n){null==gform.hooks[o][r]&&(gform.hooks[o][r]=[]);var d=gform.hooks[o][r];null==n&&(n=r+\"_\"+d.length),gform.hooks[o][r].push({tag:n,callable:e,priority:t=null==t?10:t})},doHook:function(r,o,e){var t;if(e=Array.prototype.slice.call(e,1),null!=gform.hooks[r][o]&&((o=gform.hooks[r][o]).sort(function(o,r){return o.priority-r.priority}),o.forEach(function(o){\"function\"!=typeof(t=o.callable)&&(t=window[t]),\"action\"==r?t.apply(null,e):e[0]=t.apply(null,e)})),\"filter\"==r)return e[0]},removeHook:function(o,r,t,n){var e;null!=gform.hooks[o][r]&&(e=(e=gform.hooks[o][r]).filter(function(o,r,e){return!!(null!=n&&n!=o.tag||null!=t&&t!=o.priority)}),gform.hooks[o][r]=e)}});<\/script>\n                <div class='gf_browser_gecko gform_wrapper gform_legacy_markup_wrapper gform-theme--no-framework' data-form-theme='legacy' data-form-index='0' id='gform_wrapper_3' ><div id='gf_3' class='gform_anchor' tabindex='-1'><\/div><form method='post' enctype='multipart\/form-data' target='gform_ajax_frame_3' id='gform_3'  action='\/foundation\/wp-json\/wp\/v2\/pages\/23#gf_3' data-formid='3' novalidate>\n                        <div class='gform-body gform_body'><ul id='gform_fields_3' class='gform_fields top_label form_sublabel_below description_below validation_below'><li id=\"field_3_1\" class=\"gfield gfield--type-text gfield_contains_required field_sublabel_below gfield--no-description field_description_below field_validation_below gfield_visibility_visible\"  data-js-reload=\"field_3_1\" ><label class='gfield_label gform-field-label' for='input_3_1'>Nombre<span class=\"gfield_required\"><span class=\"gfield_required gfield_required_asterisk\">*<\/span><\/span><\/label><div class='ginput_container ginput_container_text'><input name='input_1' id='input_3_1' type='text' value='' class='large'     aria-required=\"true\" aria-invalid=\"false\"   \/><\/div><\/li><li id=\"field_3_2\" class=\"gfield gfield--type-email gfield_contains_required field_sublabel_below gfield--no-description field_description_below field_validation_below gfield_visibility_visible\"  data-js-reload=\"field_3_2\" ><label class='gfield_label gform-field-label' for='input_3_2'>Email<span class=\"gfield_required\"><span class=\"gfield_required gfield_required_asterisk\">*<\/span><\/span><\/label><div class='ginput_container ginput_container_email'>\n                            <input name='input_2' id='input_3_2' type='email' value='' class='large'    aria-required=\"true\" aria-invalid=\"false\"  \/>\n                        <\/div><\/li><li id=\"field_3_3\" class=\"gfield gfield--type-textarea field_sublabel_below gfield--no-description field_description_below field_validation_below gfield_visibility_visible\"  data-js-reload=\"field_3_3\" ><label class='gfield_label gform-field-label' for='input_3_3'>Mensaje<\/label><div class='ginput_container ginput_container_textarea'><textarea name='input_3' id='input_3_3' class='textarea medium'      aria-invalid=\"false\"   rows='10' cols='50'><\/textarea><\/div><\/li><li id=\"field_3_4\" class=\"gfield gfield--type-honeypot gform_validation_container field_sublabel_below gfield--has-description field_description_below field_validation_below gfield_visibility_visible\"  data-js-reload=\"field_3_4\" ><label class='gfield_label gform-field-label' for='input_3_4'>Phone<\/label><div class='ginput_container'><input name='input_4' id='input_3_4' type='text' value='' autocomplete='new-password'\/><\/div><div class='gfield_description' id='gfield_description_3_4'>Este campo es un campo de validaci\u00f3n y debe quedar sin cambios.<\/div><\/li><\/ul><\/div>\n        <div class='gform-footer gform_footer top_label'> <input type='submit' id='gform_submit_button_3' class='gform_button button' onclick='gform.submission.handleButtonClick(this);' value='Enviar'  \/> <input type='hidden' name='gform_ajax' value='form_id=3&amp;title=&amp;description=&amp;tabindex=0&amp;theme=legacy&amp;hash=ab5dd73b85084a3bd5bf7cfe5872c0b9' \/>\n            <input type='hidden' class='gform_hidden' name='gform_submission_method' data-js='gform_submission_method_3' value='iframe' \/>\n            <input type='hidden' class='gform_hidden' name='gform_theme' data-js='gform_theme_3' id='gform_theme_3' value='legacy' \/>\n            <input type='hidden' class='gform_hidden' name='gform_style_settings' data-js='gform_style_settings_3' id='gform_style_settings_3' value='' \/>\n            <input type='hidden' class='gform_hidden' name='is_submit_3' value='1' \/>\n            <input type='hidden' class='gform_hidden' name='gform_submit' value='3' \/>\n            \n            <input type='hidden' class='gform_hidden' name='gform_unique_id' value='' \/>\n            <input type='hidden' class='gform_hidden' name='state_3' value='WyJbXSIsIjkxZDczMDI4OTQ0ZmI0NzcwYzhkMWJjMjc4MDQ0OGI4Il0=' \/>\n            <input type='hidden' autocomplete='off' class='gform_hidden' name='gform_target_page_number_3' id='gform_target_page_number_3' value='0' \/>\n            <input type='hidden' autocomplete='off' class='gform_hidden' name='gform_source_page_number_3' id='gform_source_page_number_3' value='1' \/>\n            <input type='hidden' name='gform_field_values' value='' \/>\n            \n        <\/div>\n                        <\/form>\n                        <\/div>\n\t\t                <iframe style='display:none;width:0px;height:0px;' src='about:blank' name='gform_ajax_frame_3' id='gform_ajax_frame_3' title='Este iframe contiene la l\u00f3gica necesaria para gestionar formularios con ajax activado.'><\/iframe>\n\t\t                <script type=\"text\/javascript\">\n\/* <![CDATA[ *\/\n gform.initializeOnLoaded( function() {gformInitSpinner( 3, 'https:\/\/britishcemeteriesspain.org\/foundation\/wp-content\/plugins\/gravityforms\/images\/spinner.svg', true );jQuery('#gform_ajax_frame_3').on('load',function(){var contents = jQuery(this).contents().find('*').html();var is_postback = contents.indexOf('GF_AJAX_POSTBACK') >= 0;if(!is_postback){return;}var form_content = jQuery(this).contents().find('#gform_wrapper_3');var is_confirmation = jQuery(this).contents().find('#gform_confirmation_wrapper_3').length > 0;var is_redirect = contents.indexOf('gformRedirect(){') >= 0;var is_form = form_content.length > 0 && ! is_redirect && ! is_confirmation;var mt = parseInt(jQuery('html').css('margin-top'), 10) + parseInt(jQuery('body').css('margin-top'), 10) + 100;if(is_form){jQuery('#gform_wrapper_3').html(form_content.html());if(form_content.hasClass('gform_validation_error')){jQuery('#gform_wrapper_3').addClass('gform_validation_error');} else {jQuery('#gform_wrapper_3').removeClass('gform_validation_error');}setTimeout( function() { \/* delay the scroll by 50 milliseconds to fix a bug in chrome *\/ jQuery(document).scrollTop(jQuery('#gform_wrapper_3').offset().top - mt); }, 50 );if(window['gformInitDatepicker']) {gformInitDatepicker();}if(window['gformInitPriceFields']) {gformInitPriceFields();}var current_page = jQuery('#gform_source_page_number_3').val();gformInitSpinner( 3, 'https:\/\/britishcemeteriesspain.org\/foundation\/wp-content\/plugins\/gravityforms\/images\/spinner.svg', true );jQuery(document).trigger('gform_page_loaded', [3, current_page]);window['gf_submitting_3'] = false;}else if(!is_redirect){var confirmation_content = jQuery(this).contents().find('.GF_AJAX_POSTBACK').html();if(!confirmation_content){confirmation_content = contents;}jQuery('#gform_wrapper_3').replaceWith(confirmation_content);jQuery(document).scrollTop(jQuery('#gf_3').offset().top - mt);jQuery(document).trigger('gform_confirmation_loaded', [3]);window['gf_submitting_3'] = false;wp.a11y.speak(jQuery('#gform_confirmation_message_3').text());}else{jQuery('#gform_3').append(contents);if(window['gformRedirect']) {gformRedirect();}}jQuery(document).trigger(\"gform_pre_post_render\", [{ formId: \"3\", currentPage: \"current_page\", abort: function() { this.preventDefault(); } }]);                if (event && event.defaultPrevented) {                return;         }        const gformWrapperDiv = document.getElementById( \"gform_wrapper_3\" );        if ( gformWrapperDiv ) {            const visibilitySpan = document.createElement( \"span\" );            visibilitySpan.id = \"gform_visibility_test_3\";            gformWrapperDiv.insertAdjacentElement( \"afterend\", visibilitySpan );        }        const visibilityTestDiv = document.getElementById( \"gform_visibility_test_3\" );        let postRenderFired = false;                function triggerPostRender() {            if ( postRenderFired ) {                return;            }            postRenderFired = true;            jQuery( document ).trigger( 'gform_post_render', [3, current_page] );            gform.utils.trigger( { event: 'gform\/postRender', native: false, data: { formId: 3, currentPage: current_page } } );            gform.utils.trigger( { event: 'gform\/post_render', native: false, data: { formId: 3, currentPage: current_page } } );            if ( visibilityTestDiv ) {                visibilityTestDiv.parentNode.removeChild( visibilityTestDiv );            }        }        function debounce( func, wait, immediate ) {            var timeout;            return function() {                var context = this, args = arguments;                var later = function() {                    timeout = null;                    if ( !immediate ) func.apply( context, args );                };                var callNow = immediate && !timeout;                clearTimeout( timeout );                timeout = setTimeout( later, wait );                if ( callNow ) func.apply( context, args );            };        }        const debouncedTriggerPostRender = debounce( function() {            triggerPostRender();        }, 200 );        if ( visibilityTestDiv && visibilityTestDiv.offsetParent === null ) {            const observer = new MutationObserver( ( mutations ) => {                mutations.forEach( ( mutation ) => {                    if ( mutation.type === 'attributes' && visibilityTestDiv.offsetParent !== null ) {                        debouncedTriggerPostRender();                        observer.disconnect();                    }                });            });            observer.observe( document.body, {                attributes: true,                childList: false,                subtree: true,                attributeFilter: [ 'style', 'class' ],            });        } else {            triggerPostRender();        }    } );} ); \n\/* ]]> *\/\n<\/script>\n\n<p>[\/et_pb_blurb][\/et_pb_column][et_pb_column type=\u00bb1_2&#8243; _builder_version=\u00bb3.25&#8243; custom_padding=\u00bb|||\u00bb custom_padding__hover=\u00bb|||\u00bb][et_pb_blurb title=\u00bbM\u00e1s informaci\u00f3n\u00bb use_icon=\u00bbon\u00bb font_icon=\u00bb%%79%%\u00bb icon_color=\u00bb#21468b\u00bb icon_placement=\u00bbleft\u00bb _builder_version=\u00bb3.21&#8243; custom_margin=\u00bb||50px|\u00bb]<\/p>\n<p>Transporte P\u00fablico:<\/p>\n<p>Horario de apertura<\/p>\n<p>El cementerio brit\u00e1nico de Valencia generalmente est\u00e1 cerrado.\u00a0 Si alguien quiere visitar el cementerio para visitar a un ser querido o meditar en el jard\u00edn, se puede pedir la llave en la Florester\u00eda que se encuentra en la entrada.\u00a0<\/p>\n<p>1 de noviembre \u2013 El cementerio siempre est\u00e1 abierto.<\/p>\n<p>Para m\u00e1s informaci\u00f3n, por favor contacte con: info@britishcemeteriesspain.org<\/p>\n<p>Para temas urgentes, o para concertar una visita con cita previa, por favor contacte con:<\/p>\n<p>Trevor Nicholas.<br \/>Email: britcemvlc@gmail.com<br \/>Tel. +34 963 344 804<\/p>\n<p>Mob. +34 670 400 622<\/p>\n<p>[\/et_pb_blurb][et_pb_blurb title=\u00bbS\u00edguenos en Facebook\u00bb url=\u00bbhttps:\/\/www.facebook.com\/friendsvalenciabritishcemetery\/\u00bb url_new_window=\u00bbon\u00bb use_icon=\u00bbon\u00bb font_icon=\u00bb%%337%%\u00bb icon_color=\u00bb#3b5998&#8243; icon_placement=\u00bbleft\u00bb admin_label=\u00bbFacebook\u00bb _builder_version=\u00bb3.22.7&#8243; header_text_color=\u00bb#333333&#8243; z_index_tablet=\u00bb500&#8243;][\/et_pb_blurb][\/et_pb_column][\/et_pb_row][\/et_pb_section]<\/p>\n","protected":false},"excerpt":{"rendered":"<p>Cementerio Brit\u00e1nico en Valencia &nbsp; Cementerio&#8230;<\/p>\n","protected":false},"author":1,"featured_media":0,"parent":0,"menu_order":0,"comment_status":"closed","ping_status":"closed","template":"template-builder.php","meta":{"_et_pb_use_builder":"on","_et_pb_old_content":"","_et_gb_content_width":"","footnotes":""},"_links":{"self":[{"href":"https:\/\/britishcemeteriesspain.org\/foundation\/wp-json\/wp\/v2\/pages\/23"}],"collection":[{"href":"https:\/\/britishcemeteriesspain.org\/foundation\/wp-json\/wp\/v2\/pages"}],"about":[{"href":"https:\/\/britishcemeteriesspain.org\/foundation\/wp-json\/wp\/v2\/types\/page"}],"author":[{"embeddable":true,"href":"https:\/\/britishcemeteriesspain.org\/foundation\/wp-json\/wp\/v2\/users\/1"}],"replies":[{"embeddable":true,"href":"https:\/\/britishcemeteriesspain.org\/foundation\/wp-json\/wp\/v2\/comments?post=23"}],"version-history":[{"count":0,"href":"https:\/\/britishcemeteriesspain.org\/foundation\/wp-json\/wp\/v2\/pages\/23\/revisions"}],"wp:attachment":[{"href":"https:\/\/britishcemeteriesspain.org\/foundation\/wp-json\/wp\/v2\/media?parent=23"}],"curies":[{"name":"wp","href":"https:\/\/api.w.org\/{rel}","templated":true}]}}