{"id":210,"date":"2018-08-10T06:11:09","date_gmt":"2018-08-10T06:11:09","guid":{"rendered":"https:\/\/britishcemeteriesspain.org\/foundation\/?page_id=210"},"modified":"2020-04-16T09:43:28","modified_gmt":"2020-04-16T07:43:28","slug":"servicios","status":"publish","type":"page","link":"https:\/\/britishcemeteriesspain.org\/foundation\/servicios\/","title":{"rendered":"Servicios"},"content":{"rendered":"<p>[et_pb_section fb_built=\u00bb1&#8243; fullwidth=\u00bbon\u00bb _builder_version=\u00bb3.22&#8243; background_color=\u00bbrgba(0,0,0,0.2)\u00bb background_image=\u00bbhttps:\/\/britishcemeteriesspain.org\/foundation\/wp-content\/uploads\/2018\/08\/cementerio-britanico-bilbao-espana.jpg\u00bb background_blend=\u00bbmultiply\u00bb][et_pb_fullwidth_header title=\u00bbEntierros &#038; Memoriales\u00bb _builder_version=\u00bb3.21&#8243; background_color=\u00bbrgba(126,190,197,0)\u00bb button_one_text_size__hover_enabled=\u00bboff\u00bb button_two_text_size__hover_enabled=\u00bboff\u00bb button_one_text_color__hover_enabled=\u00bboff\u00bb button_two_text_color__hover_enabled=\u00bboff\u00bb button_one_border_width__hover_enabled=\u00bboff\u00bb button_two_border_width__hover_enabled=\u00bboff\u00bb button_one_border_color__hover_enabled=\u00bboff\u00bb button_two_border_color__hover_enabled=\u00bboff\u00bb button_one_border_radius__hover_enabled=\u00bboff\u00bb button_two_border_radius__hover_enabled=\u00bboff\u00bb button_one_letter_spacing__hover_enabled=\u00bboff\u00bb button_two_letter_spacing__hover_enabled=\u00bboff\u00bb button_one_bg_color__hover_enabled=\u00bboff\u00bb button_two_bg_color__hover_enabled=\u00bboff\u00bb][\/et_pb_fullwidth_header][\/et_pb_section][et_pb_section fb_built=\u00bb1&#8243; _builder_version=\u00bb3.22&#8243; background_color=\u00bb#f7f7f7&#8243; custom_padding=\u00bb30px||30px|\u00bb][et_pb_row _builder_version=\u00bb3.25&#8243; background_size=\u00bbinitial\u00bb background_position=\u00bbtop_left\u00bb background_repeat=\u00bbrepeat\u00bb][et_pb_column type=\u00bb4_4&#8243; _builder_version=\u00bb3.25&#8243; custom_padding=\u00bb|||\u00bb custom_padding__hover=\u00bb|||\u00bb][et_pb_text _builder_version=\u00bb3.27.4&#8243; header_2_text_color=\u00bb#21468b\u00bb z_index_tablet=\u00bb500&#8243;]<\/p>\n<h2>ENTIERROS &amp; MEMORIALES<\/h2>\n<p style=\"text-align: left;\">Personas de cualquier naci\u00f3n, credo y fe pueden pedir ser enterradas en nuestros cementerios brit\u00e1nicos en Espa\u00f1a.<\/p>\n<p style=\"text-align: left;\">Dependiendo del espacio disponible en cada cementerio individual, aun suele ser posible solicitar ser enterrado en nuestros cementerios, ya sea en el suelo o en un nicho.<\/p>\n<p style=\"text-align: left;\">Tambi\u00e9n existe la posibilidad de enterrar cenizas.<\/p>\n<p style=\"text-align: left;\">En algunos de nuestros cementerios hay una instalaci\u00f3n para colocar una placa de cer\u00e1mica en un Muro del Recuerdo.<\/p>\n<p style=\"text-align: left;\">Para m\u00e1s informaci\u00f3n, env\u00edenos un correo electr\u00f3nico: info@britishcemeteriesspain.org<\/p>\n<p>[\/et_pb_text][\/et_pb_column][\/et_pb_row][\/et_pb_section][et_pb_section fb_built=\u00bb1&#8243; _builder_version=\u00bb3.22&#8243; custom_padding=\u00bb30px|||\u00bb][et_pb_row _builder_version=\u00bb3.25&#8243; background_size=\u00bbinitial\u00bb background_position=\u00bbtop_left\u00bb background_repeat=\u00bbrepeat\u00bb custom_padding=\u00bb||10px\u00bb][et_pb_column type=\u00bb4_4&#8243; _builder_version=\u00bb3.25&#8243; custom_padding=\u00bb|||\u00bb custom_padding__hover=\u00bb|||\u00bb][et_pb_text _builder_version=\u00bb3.27.4&#8243; custom_margin=\u00bb||0px|\u00bb]<\/p>\n<h3 class=\"av-special-heading-tag\">Grabaciones (rodajes) y Eventos<\/h3>\n<p>[\/et_pb_text][et_pb_divider color=\u00bb#21468b\u00bb divider_weight=\u00bb2px\u00bb _builder_version=\u00bb3.21&#8243; max_width=\u00bb40%\u00bb custom_margin=\u00bb||0px|\u00bb]<br \/>\n[\/et_pb_divider][\/et_pb_column][\/et_pb_row][et_pb_row column_structure=\u00bb1_2,1_2&#8243; _builder_version=\u00bb3.25&#8243; custom_padding=\u00bb0px||\u00bb][et_pb_column type=\u00bb1_2&#8243; _builder_version=\u00bb3.25&#8243; custom_padding=\u00bb|||\u00bb custom_padding__hover=\u00bb|||\u00bb][et_pb_text _builder_version=\u00bb3.27.4&#8243;]<\/p>\n<p>Nuestros cementerios est\u00e1n disponibles para eventos y rodajes, siempre que sean respetuosos con el lugar, y previo aprobaci\u00f3n por el comit\u00e9 gestor local.\u00a0<\/p>\n<p>Nuestros eventos han incluido la presentaci\u00f3n de libros, exposiciones de arte y eventos relacionados con personas de renombre enterradas en ellos.<\/p>\n<p>Si tiene inter\u00e9s, por favor utilicen los datos de contacto en el apartado de cada cementerio.<\/p>\n<p>[\/et_pb_text][\/et_pb_column][et_pb_column type=\u00bb1_2&#8243; _builder_version=\u00bb3.25&#8243; custom_padding=\u00bb|||\u00bb custom_padding__hover=\u00bb|||\u00bb][\/et_pb_column][\/et_pb_row][\/et_pb_section][et_pb_section fb_built=\u00bb1&#8243; _builder_version=\u00bb3.22&#8243; background_color=\u00bb#f7f7f7&#8243;][et_pb_row column_structure=\u00bb1_3,2_3&#8243; _builder_version=\u00bb3.25&#8243; background_size=\u00bbinitial\u00bb background_position=\u00bbtop_left\u00bb background_repeat=\u00bbrepeat\u00bb][et_pb_column type=\u00bb1_3&#8243; _builder_version=\u00bb3.25&#8243; custom_padding=\u00bb|||\u00bb custom_padding__hover=\u00bb|||\u00bb][et_pb_image src=\u00bbhttps:\/\/britishcemeteriesspain.org\/foundation\/wp-content\/uploads\/2018\/08\/donaciones-fundacion-cementerios-britanicos.jpg\u00bb align=\u00bbcenter\u00bb align_tablet=\u00bbcenter\u00bb align_phone=\u00bb\u00bb align_last_edited=\u00bbon|desktop\u00bb _builder_version=\u00bb3.23&#8243;]<br \/>\n[\/et_pb_image][\/et_pb_column][et_pb_column type=\u00bb2_3&#8243; _builder_version=\u00bb3.25&#8243; custom_padding=\u00bb|||\u00bb custom_padding__hover=\u00bb|||\u00bb][et_pb_text _builder_version=\u00bb4.4.1&#8243; custom_margin=\u00bb||10px|\u00bb hover_enabled=\u00bb0&#8243;]<\/p>\n<h2>Cuotas de Mantenimiento<\/h2>\n<p>[\/et_pb_text][et_pb_divider color=\u00bb#21468b\u00bb divider_weight=\u00bb2px\u00bb _builder_version=\u00bb3.15&#8243; max_width=\u00bb40%\u00bb custom_margin=\u00bb||0px|\u00bb]<br \/>\n[\/et_pb_divider][et_pb_text _builder_version=\u00bb3.27.4&#8243;]<\/p>\n<p>Para mantener nuestros cementerios, dependemos de las cuotas de mantenimiento anuales.\u00a0 Estas cuotas se pagan anualmente por parte de los familiares de los que est\u00e1n enterrados en Madrid, Valencia y Bilbao.<\/p>\n<p>Si usted tiene alg\u00fan familiar enterrado en uno de nuestros cementerios, por favor contacte con nosotros para comentar las cuotas de mantenimiento.<\/p>\n<p>&nbsp;<\/p>\n<p>[\/et_pb_text][\/et_pb_column][\/et_pb_row][et_pb_row column_structure=\u00bb2_3,1_3&#8243; _builder_version=\u00bb3.25&#8243; background_size=\u00bbinitial\u00bb background_position=\u00bbtop_left\u00bb background_repeat=\u00bbrepeat\u00bb][et_pb_column type=\u00bb2_3&#8243; _builder_version=\u00bb3.25&#8243; custom_padding=\u00bb|||\u00bb custom_padding__hover=\u00bb|||\u00bb][et_pb_text _builder_version=\u00bb4.4.1&#8243; custom_margin=\u00bb||10px|\u00bb hover_enabled=\u00bb0&#8243;]<\/p>\n<h2>Reglas del Cementerio<\/h2>\n<p>[\/et_pb_text][et_pb_divider color=\u00bb#21468b\u00bb divider_weight=\u00bb2px\u00bb _builder_version=\u00bb3.15&#8243; max_width=\u00bb40%\u00bb custom_margin=\u00bb||0px|\u00bb]<br \/>\n[\/et_pb_divider][et_pb_text _builder_version=\u00bb3.27.4&#8243;]<\/p>\n<p>Intentemos satisfacer las peticiones de todos los que visiten nuestros cementerios y los que hagan uso de nuestros servicios, pero es importante rese\u00f1ar que se han establecido una serie de reglas para gobernar ciertos aspectos de las operaciones del cementerio.\u00a0 Estas reglas buscan asegurar la seguridad y el bienestar de nuestras visitas y la protecci\u00f3n del patrimonio de cada cementerio.\u00a0<\/p>\n<p>Es por ello que pedimos que todas las visitas demuestren respeto a su entorno, lo mantengan ordenado y seguro y contribuyan a preservar la dignidad de nuestros camposantos.\u00a0<\/p>\n<p>&nbsp;<\/p>\n<p>[\/et_pb_text][\/et_pb_column][et_pb_column type=\u00bb1_3&#8243; _builder_version=\u00bb3.25&#8243; custom_padding=\u00bb|||\u00bb custom_padding__hover=\u00bb|||\u00bb][et_pb_image src=\u00bbhttps:\/\/britishcemeteriesspain.org\/foundation\/wp-content\/uploads\/2018\/08\/cementery-rules-cementerios-britanicos.jpg\u00bb align=\u00bbcenter\u00bb align_tablet=\u00bbcenter\u00bb align_phone=\u00bb\u00bb align_last_edited=\u00bbon|desktop\u00bb _builder_version=\u00bb3.23&#8243;]<br \/>\n[\/et_pb_image][\/et_pb_column][\/et_pb_row][\/et_pb_section]<\/p>\n","protected":false},"excerpt":{"rendered":"<p>Entierros &#038; Memoriales ENTIERROS &amp; MEMORIALES&#8230;<\/p>\n","protected":false},"author":1,"featured_media":0,"parent":0,"menu_order":0,"comment_status":"closed","ping_status":"closed","template":"template-builder.php","meta":{"_et_pb_use_builder":"on","_et_pb_old_content":"","_et_gb_content_width":"","footnotes":""},"_links":{"self":[{"href":"https:\/\/britishcemeteriesspain.org\/foundation\/wp-json\/wp\/v2\/pages\/210"}],"collection":[{"href":"https:\/\/britishcemeteriesspain.org\/foundation\/wp-json\/wp\/v2\/pages"}],"about":[{"href":"https:\/\/britishcemeteriesspain.org\/foundation\/wp-json\/wp\/v2\/types\/page"}],"author":[{"embeddable":true,"href":"https:\/\/britishcemeteriesspain.org\/foundation\/wp-json\/wp\/v2\/users\/1"}],"replies":[{"embeddable":true,"href":"https:\/\/britishcemeteriesspain.org\/foundation\/wp-json\/wp\/v2\/comments?post=210"}],"version-history":[{"count":0,"href":"https:\/\/britishcemeteriesspain.org\/foundation\/wp-json\/wp\/v2\/pages\/210\/revisions"}],"wp:attachment":[{"href":"https:\/\/britishcemeteriesspain.org\/foundation\/wp-json\/wp\/v2\/media?parent=210"}],"curies":[{"name":"wp","href":"https:\/\/api.w.org\/{rel}","templated":true}]}}