{"id":15,"date":"2018-08-07T13:09:09","date_gmt":"2018-08-07T13:09:09","guid":{"rendered":"https:\/\/britishcemeteriesspain.org\/foundation\/?page_id=15"},"modified":"2020-04-14T13:29:36","modified_gmt":"2020-04-14T11:29:36","slug":"historia","status":"publish","type":"page","link":"https:\/\/britishcemeteriesspain.org\/foundation\/historia\/","title":{"rendered":"Historia"},"content":{"rendered":"<p>[et_pb_section fb_built=\u00bb1&#8243; fullwidth=\u00bbon\u00bb _builder_version=\u00bb3.22&#8243; background_color=\u00bbrgba(0,0,0,0.2)\u00bb background_image=\u00bbhttps:\/\/britishcemeteriesspain.org\/foundation\/wp-content\/uploads\/2018\/08\/fundacion-cementerios-britanicos-espana.jpg\u00bb background_blend=\u00bbmultiply\u00bb][et_pb_fullwidth_header title=\u00bbHistoria\u00bb _builder_version=\u00bb3.16&#8243; background_color=\u00bbrgba(126,190,197,0)\u00bb button_one_text_size__hover_enabled=\u00bboff\u00bb button_two_text_size__hover_enabled=\u00bboff\u00bb button_one_text_color__hover_enabled=\u00bboff\u00bb button_two_text_color__hover_enabled=\u00bboff\u00bb button_one_border_width__hover_enabled=\u00bboff\u00bb button_two_border_width__hover_enabled=\u00bboff\u00bb button_one_border_color__hover_enabled=\u00bboff\u00bb button_two_border_color__hover_enabled=\u00bboff\u00bb button_one_border_radius__hover_enabled=\u00bboff\u00bb button_two_border_radius__hover_enabled=\u00bboff\u00bb button_one_letter_spacing__hover_enabled=\u00bboff\u00bb button_two_letter_spacing__hover_enabled=\u00bboff\u00bb button_one_bg_color__hover_enabled=\u00bboff\u00bb button_two_bg_color__hover_enabled=\u00bboff\u00bb][\/et_pb_fullwidth_header][\/et_pb_section][et_pb_section fb_built=\u00bb1&#8243; _builder_version=\u00bb3.22&#8243;][et_pb_row _builder_version=\u00bb3.25&#8243; column_structure=\u00bb1_3,2_3&#8243;][et_pb_column type=\u00bb1_3&#8243; _builder_version=\u00bb3.25&#8243; custom_padding=\u00bb|||\u00bb custom_padding__hover=\u00bb|||\u00bb][et_pb_image src=\u00bbhttps:\/\/britishcemeteriesspain.org\/foundation\/wp-content\/uploads\/2018\/08\/un-poco-de-historia-cementerios-britanicos.jpg\u00bb align_tablet=\u00bbcenter\u00bb align_last_edited=\u00bbon|desktop\u00bb _builder_version=\u00bb3.23&#8243;][\/et_pb_image][\/et_pb_column][et_pb_column type=\u00bb2_3&#8243; _builder_version=\u00bb3.25&#8243; custom_padding=\u00bb|||\u00bb custom_padding__hover=\u00bb|||\u00bb][et_pb_text _builder_version=\u00bb3.27.4&#8243; custom_margin=\u00bb||10px|\u00bb]<\/p>\n<h1>ALGUNA INFORMACI\u00d3N DE FONDO\u2026<\/h1>\n<p>[\/et_pb_text][et_pb_divider color=\u00bb#21468b\u00bb divider_weight=\u00bb2px\u00bb _builder_version=\u00bb3.15&#8243; max_width=\u00bb40%\u00bb custom_margin=\u00bb||0px|\u00bb custom_padding=\u00bb|||\u00bb][\/et_pb_divider][et_pb_text _builder_version=\u00bb3.27.4&#8243;]<\/p>\n<p>Aunque hay muchos cementerios salpicados por el territorio espa\u00f1ol que com\u00fanmente son conocidos como \u201cbrit\u00e1nico\u201d, \u201cingl\u00e9s\u201d, \u201camericano\u201d, \u201cprotestante\u201d, \u201canglicano\u201d, \u201cno cat\u00f3lico\u201d, \u201cepiscopaliano\u201d o simplemente \u00abSt. George\u2019s \u201c, etc., sus nombres pueden, a veces, ser enga\u00f1osos.<\/p>\n<p>Si bien es cierto que algunos, aunque de ninguna manera todos, son realmente \u201cbrit\u00e1nicos\u201d, otros pertenecen a diferentes naciones como Estados Unidos, Alemania o Suecia, entre otros. De los cementerios brit\u00e1nicos que a\u00fan permanecen hoy en d\u00eda, algunos son propiedad de HMG, como es el caso de los cementerios que ahora est\u00e1n bajo los auspicios de la FUNDACI\u00d3N CEMENTERIOS BRIT\u00c1NICOS en ESPA\u00d1A. En el caso de otros, el terreno hab\u00eda sido comprado por empresas brit\u00e1nicas establecidas en Espa\u00f1a, o por miembros de la comunidad brit\u00e1nica en la zona. En otros casos, como ocurri\u00f3 en Bilbao, el sitio original fue donado por las autoridades locales.<\/p>\n<p>De los cementerios brit\u00e1nicos propiedad de HMG, aunque los t\u00edtulos de propiedad pueden estar en nombre del gobierno brit\u00e1nico, como con muchas otras instituciones comunitarias, se consider\u00f3 que los cementerios deben ser apoyados por la comunidad misma. Por lo tanto, gracias al inter\u00e9s, el apoyo y las aportaciones de los familiares de algunos de los enterrados en nuestros cementerios, as\u00ed como de los voluntarios, todav\u00eda hoy podemos presumir de varios cementerios brit\u00e1nicos en Espa\u00f1a. Desafortunadamente, como resultado de la falta de comunidad brit\u00e1nica local en algunas \u00e1reas, otros de nuestros cementerios han sido donados a las autoridades locales para ser atendidos, o han sido cerrados o simplemente han desaparecido.<\/p>\n<p>[\/et_pb_text][\/et_pb_column][\/et_pb_row][et_pb_row _builder_version=\u00bb3.25&#8243; column_structure=\u00bb2_3,1_3&#8243;][et_pb_column type=\u00bb2_3&#8243; _builder_version=\u00bb3.25&#8243; custom_padding=\u00bb|||\u00bb custom_padding__hover=\u00bb|||\u00bb][et_pb_text _builder_version=\u00bb3.27.4&#8243; custom_margin=\u00bb||10px|\u00bb]<\/p>\n<h1>UN POCO DE HISTORIA\u2026<\/h1>\n<p>[\/et_pb_text][et_pb_divider color=\u00bb#21468b\u00bb divider_weight=\u00bb2px\u00bb _builder_version=\u00bb3.15&#8243; max_width=\u00bb40%\u00bb custom_margin=\u00bb||0px|\u00bb custom_padding=\u00bb|||\u00bb][\/et_pb_divider][et_pb_text _builder_version=\u00bb3.27.4&#8243;]<\/p>\n<p>Aunque las negociaciones para establecer los cementerios \u201cbrit\u00e1nicos\u201d en Espa\u00f1a comenzaron ya en el siglo XVII, no fue hasta mediados o finales del siglo XIX cuando la mayor\u00eda de estos cementerios fueron finalmente establecidos. Esto ocurri\u00f3 tras la promulgaci\u00f3n de un Real Decreto (abril de 1830) por el que se autorizaba a representantes de la comunidad brit\u00e1nica en Espa\u00f1a a comprar un terreno en el que los no cat\u00f3licos brit\u00e1nicos pudieran finalmente recibir el estatuto oficial de enterramiento cuando murieran en territorio espa\u00f1ol.La solicitud para establecer un cementerio brit\u00e1nico fue llevada generalmente por el c\u00f3nsul brit\u00e1nico local, que, en nombre de la Corona Brit\u00e1nica, compr\u00f3 una parcela para este prop\u00f3sito. Por otra parte, en las zonas mineras o industriales, el terreno fue comprado por representantes de las empresas brit\u00e1nicas instaladas all\u00ed, o por miembros de las comunidades locales brit\u00e1nicas, bien por suscripci\u00f3n general o la generosidad de ciertas familias o individuos bien situados.<\/p>\n<p>[\/et_pb_text][\/et_pb_column][et_pb_column type=\u00bb1_3&#8243; _builder_version=\u00bb3.25&#8243; custom_padding=\u00bb|||\u00bb custom_padding__hover=\u00bb|||\u00bb][et_pb_image src=\u00bbhttps:\/\/britishcemeteriesspain.org\/foundation\/wp-content\/uploads\/2018\/08\/informacion-historia-cementerios-britanicos.jpg\u00bb align_tablet=\u00bbcenter\u00bb align_last_edited=\u00bbon|desktop\u00bb _builder_version=\u00bb3.23&#8243;][\/et_pb_image][\/et_pb_column][\/et_pb_row][\/et_pb_section]<\/p>\n","protected":false},"excerpt":{"rendered":"<p>Historia ALGUNA INFORMACI\u00d3N DE FONDO\u2026 Aunque hay&#8230;<\/p>\n","protected":false},"author":1,"featured_media":0,"parent":0,"menu_order":0,"comment_status":"closed","ping_status":"closed","template":"template-builder.php","meta":{"_et_pb_use_builder":"on","_et_pb_old_content":"<div class=\"template-page content av-content-full alpha units\"><div class=\"post-entry post-entry-type-page post-entry-819\"><div class=\"entry-content-wrapper clearfix\"><div class=\"flex_column_table av-equal-height-column-flextable\"><div class=\"flex_column av_two_third flex_column_table_cell av-equal-height-column av-align-top av-zero-column-padding first avia-builder-el-4 el_before_av_one_third avia-builder-el-first \"><section class=\"av_textblock_section\"><div class=\"avia_textblock \"><h1><strong>ALGUNA INFORMACI\u00d3N DE FONDO\u2026<\/strong><\/h1><pre>\u00a0<\/pre><p>Aunque hay muchos cementerios salpicados por el territorio espa\u00f1ol que com\u00fanmente son conocidos como \u201cbrit\u00e1nico\u201d, \u201cingl\u00e9s\u201d, \u201camericano\u201d, \u201cprotestante\u201d, \u201canglicano\u201d, \u201cno cat\u00f3lico\u201d, \u201cepiscopaliano\u201d o simplemente St. George\u2019s \u201c, etc., sus nombres pueden, a veces, ser enga\u00f1osos.<br \/>Si bien es cierto que algunos, aunque de ninguna manera todos, son realmente \u201cbrit\u00e1nicos\u201d, otros pertenecen a diferentes naciones como Estados Unidos, Alemania o Suecia, entre otros. De los cementerios brit\u00e1nicos que a\u00fan permanecen hoy en d\u00eda, algunos son propiedad de HMG, como es el caso de los cementerios que ahora est\u00e1n bajo los auspicios de la FUNDACI\u00d3N CEMENTERIOS BRIT\u00c1NICOS en ESPA\u00d1A. En el caso de otros, el terreno hab\u00eda sido comprado por empresas brit\u00e1nicas establecidas en Espa\u00f1a, o por miembros de la comunidad brit\u00e1nica en la zona. En otros casos, como ocurri\u00f3 en Bilbao, el sitio original fue donado por las autoridades locales.<br \/>De los cementerios brit\u00e1nicos propiedad de HMG, aunque los t\u00edtulos de propiedad pueden estar en nombre del gobierno brit\u00e1nico, como con muchas otras instituciones comunitarias, se consider\u00f3 que los cementerios deben ser apoyados por la comunidad misma. Por lo tanto, gracias al inter\u00e9s, el apoyo y las aportaciones de los familiares de algunos de los enterrados en nuestros cementerios, as\u00ed como de los voluntarios, todav\u00eda hoy podemos presumir de varios cementerios brit\u00e1nicos en Espa\u00f1a. Desafortunadamente, como resultado de la falta de comunidad brit\u00e1nica local en algunas \u00e1reas, otros de nuestros cementerios han sido donados a las autoridades locales para ser atendidos, o han sido cerrados o simplemente han desaparecido.<\/p><\/div><\/section><\/div><div class=\"av-flex-placeholder\">\u00a0<\/div><div class=\"flex_column av_one_third flex_column_table_cell av-equal-height-column av-align-top av-zero-column-padding avia-builder-el-6 el_after_av_two_third el_before_av_one_third \"><div class=\"avia-image-container av-styling- avia-builder-el-7 avia-builder-el-no-sibling avia-align-center \"><div class=\"avia-image-container-inner\">\u00a0<\/div><\/div><\/div><\/div><div class=\"flex_column av_one_third flex_column_div av-zero-column-padding first avia-builder-el-8 el_after_av_one_third el_before_av_two_third column-top-margin\"><div class=\"avia-image-container av-styling- avia-builder-el-9 avia-builder-el-no-sibling avia-align-center \"><div class=\"avia-image-container-inner\">\u00a0<\/div><\/div><\/div><div class=\"flex_column av_two_third flex_column_div av-zero-column-padding avia-builder-el-10 el_after_av_one_third avia-builder-el-last column-top-margin\"><section class=\"av_textblock_section\"><div class=\"avia_textblock \"><h1>UN POCO DE HISTORIA\u00a0\u2026<\/h1><p>Aunque las negociaciones para establecer los cementerios \u201cbrit\u00e1nicos\u201d en Espa\u00f1a comenzaron ya en el siglo XVII, no fue hasta mediados o finales del siglo XIX cuando la mayor\u00eda de estos cementerios fueron finalmente establecidos. Esto ocurri\u00f3 tras la promulgaci\u00f3n de un Real Decreto (abril de 1830) por el que se autorizaba a representantes de la comunidad brit\u00e1nica en Espa\u00f1a a comprar un terreno en el que los no cat\u00f3licos brit\u00e1nicos pudieran finalmente recibir el estatuto oficial de enterramiento cuando murieran en territorio espa\u00f1ol.La solicitud para establecer un cementerio brit\u00e1nico fue llevada generalmente por el c\u00f3nsul brit\u00e1nico local, que, en nombre de la Corona Brit\u00e1nica, compr\u00f3 una parcela para este prop\u00f3sito. Por otra parte, en las zonas mineras o industriales, el terreno fue comprado por representantes de las empresas brit\u00e1nicas instaladas all\u00ed, o por miembros de las comunidades locales brit\u00e1nicas, bien por suscripci\u00f3n general o la generosidad de ciertas familias o individuos bien situados.<\/p><\/div><\/section><\/div><\/div><\/div><\/div>","_et_gb_content_width":"","footnotes":""},"_links":{"self":[{"href":"https:\/\/britishcemeteriesspain.org\/foundation\/wp-json\/wp\/v2\/pages\/15"}],"collection":[{"href":"https:\/\/britishcemeteriesspain.org\/foundation\/wp-json\/wp\/v2\/pages"}],"about":[{"href":"https:\/\/britishcemeteriesspain.org\/foundation\/wp-json\/wp\/v2\/types\/page"}],"author":[{"embeddable":true,"href":"https:\/\/britishcemeteriesspain.org\/foundation\/wp-json\/wp\/v2\/users\/1"}],"replies":[{"embeddable":true,"href":"https:\/\/britishcemeteriesspain.org\/foundation\/wp-json\/wp\/v2\/comments?post=15"}],"version-history":[{"count":0,"href":"https:\/\/britishcemeteriesspain.org\/foundation\/wp-json\/wp\/v2\/pages\/15\/revisions"}],"wp:attachment":[{"href":"https:\/\/britishcemeteriesspain.org\/foundation\/wp-json\/wp\/v2\/media?parent=15"}],"curies":[{"name":"wp","href":"https:\/\/api.w.org\/{rel}","templated":true}]}}